{"id":15,"date":"2023-10-19T10:28:44","date_gmt":"2023-10-19T08:28:44","guid":{"rendered":"http:\/\/fc-fischbach.de\/?page_id=15"},"modified":"2024-10-26T14:16:00","modified_gmt":"2024-10-26T12:16:00","slug":"impressum","status":"publish","type":"page","link":"https:\/\/fc-fischbach.de\/?page_id=15","title":{"rendered":"Impressum"},"content":{"rendered":"\t\t<div data-elementor-type=\"wp-page\" data-elementor-id=\"15\" class=\"elementor elementor-15\">\n\t\t\t\t<div class=\"elementor-element elementor-element-0eaf20c e-flex e-con-boxed e-con e-parent\" data-id=\"0eaf20c\" data-element_type=\"container\" data-e-type=\"container\">\n\t\t\t\t\t<div class=\"e-con-inner\">\n\t\t\t\t<div class=\"elementor-element elementor-element-1723816 Impressum exad-sticky-section-no exad-glass-effect-no elementor-widget elementor-widget-text-editor\" data-id=\"1723816\" data-element_type=\"widget\" data-e-type=\"widget\" data-widget_type=\"text-editor.default\">\n\t\t\t\t<div class=\"elementor-widget-container\">\n\t\t\t\t\t\t\t\t\t<h1 style=\"text-align: center; font-size: 40px;\">Impressum<\/h1><p style=\"text-align: center;\">Angaben gem\u00e4\u00df \u00a7 5 TMG<\/p><p><strong>\u00a0<\/strong><\/p><h1><strong>Diensteanbieter<\/strong><\/h1><p>FC 1920 Fischbach e.V.<\/p><h1><strong>Kontaktm\u00f6glichkeiten<\/strong><\/h1><p>E-Mail: <a href=\"mailto:vorstand@fc-fischbach.de\">vorstand@fc-fischbach.de<\/a><br \/>Kontaktformular: <a href=\"https:\/\/fc-fischbach.de\/kontakt\/\">https:\/\/fc-fischbach.de\/kontakt\/<\/a><\/p><h1><strong>Vertretungsberechtigte Personen<\/strong><\/h1><p>Vertreten durch den 1. Vorstand:<br \/>Adrian Rigoni<br \/>Sandsteinweg 37<br \/>78078 Fischbach<br \/>Telefon: 0176 24 71 26 83<\/p><h1><strong>Journalistisch-redaktionelle Angebote<\/strong><\/h1><p>Inhaltlich verantwortlich:<br \/>Adrian Rigoni<br \/>Sandsteinweg 37<br \/>78078 Fischbach<br \/>Telefon: 0176 24 71 26 83<strong><br \/><\/strong><\/p><h1><strong>Register und Registernummer<\/strong><\/h1><p>Eintragung im Vereinsregister<br \/>Gef\u00fchrt bei: Amtsgericht Freiburg<br \/>Registernummer: VR600576<\/p><h1><strong>Bankverbindung<\/strong><\/h1><p>Volksbank eG &#8211; Die Gestalterbank<br \/>(BLZ 66490000) Kto. 6020054<br \/>BIC: GENODE61OG1<br \/>IBAN DE34 6649 0000 0006 0200 54<\/p><h1><strong>Online-Streitbeilegung (OS)<\/strong><\/h1><p>Online-Streitbeilegung: Die Europ\u00e4ische Kommission stellt eine Plattform zur Online-Streitbeilegung (OS) bereit, die Sie unter <a href=\"https:\/\/ec.europa.eu\/consumers\/odr\/\">https:\/\/ec.europa.eu\/consumers\/odr\/<\/a> finden. Verbraucher haben die M\u00f6glichkeit, diese Plattform f\u00fcr die Beilegung ihrer Streitigkeiten zu nutzen.<\/p><h1><strong>Social Media und andere Onlinepr\u00e4senzen<\/strong><\/h1><p>Dieses Impressum gilt auch f\u00fcr die folgenden Social-Media-Pr\u00e4senzen und Onlineprofile:<br \/><a href=\"https:\/\/www.facebook.com\/p\/FC-1920-Fischbach-100027191457187\/?locale=de_DE\"> https:\/\/www.facebook.com\/p\/FC-1920-Fischbach-100027191457187\/?locale=de_DE<\/a><br \/><a href=\"https:\/\/www.instagram.com\/fc1920fischbach\/\"> https:\/\/www.instagram.com\/fc1920fischbach\/ <\/a><\/p><h1><strong>Haftungs- und Schutzrechtshinweise<\/strong><\/h1><p><strong>Haftungsausschluss:<\/strong> Die Inhalte dieses Onlineangebotes wurden sorgf\u00e4ltig und nach unserem aktuellen Kenntnisstand erstellt, dienen jedoch nur der Information und entfalten keine rechtlich bindende Wirkung, sofern es sich nicht um gesetzlich verpflichtende Informationen (z. B. das Impressum oder die Datenschutzerkl\u00e4rung) handelt. F\u00fcr die Richtigkeit, Vollst\u00e4ndigkeit und Aktualit\u00e4t der Inhalte k\u00f6nnen wir keine Gew\u00e4hr \u00fcbernehmen. Wir behalten uns vor, die Inhalte vollst\u00e4ndig oder teilweise zu \u00e4ndern oder zu l\u00f6schen, soweit vertragliche Verpflichtungen unber\u00fchrt bleiben. Nach \u00a7\u00a7 8 bis 10 TMG sind wir als Diensteanbieter nicht verpflichtet, \u00fcbermittelte oder gespeicherte fremde Informationen zu \u00fcberwachen oder nach Umst\u00e4nden zu forschen, die auf eine rechtswidrige T\u00e4tigkeit hinweisen. Verpflichtungen zur Entfernung oder Sperrung der Nutzung von Informationen nach den allgemeinen Gesetzen bleiben hiervon unber\u00fchrt. Eine diesbez\u00fcgliche Haftung ist jedoch erst ab dem Zeitpunkt der Kenntnis einer konkreten Rechtsverletzung m\u00f6glich. Bei Bekanntwerden von entsprechenden Rechtsverletzungen werden wir diese Inhalte umgehend entfernen.<\/p><p><strong>Links auf fremde Webseiten:<\/strong> Die Inhalte fremder Webseiten, auf die wir direkt oder indirekt verweisen\/verlinken, liegen au\u00dferhalb unseres Verantwortungsbereiches und wir machen sie uns nicht zu Eigen. F\u00fcr alle Inhalte und Nachteile, die aus der Nutzung der in den verlinkten Webseiten aufrufbaren Informationen entstehen, \u00fcbernehmen wir keine Verantwortung. F\u00fcr die Inhalte der verlinkten Seiten ist stets der jeweilige Anbieter oder Betreiber der Seiten verantwortlich. Die verlinkten Seiten wurden zum Zeitpunkt der Verlinkung auf m\u00f6gliche Rechtsverst\u00f6\u00dfe \u00fcberpr\u00fcft. Rechtswidrige Inhalte waren zum Zeitpunkt der Verlinkung nicht erkennbar. Eine permanente inhaltliche Kontrolle der verlinkten Seiten ist jedoch ohne konkrete Anhaltspunkte einer Rechtsverletzung nicht zumutbar. Bei Bekanntwerden von Rechtsverletzungen werden wir derartige Links umgehend entfernen.<\/p><p><strong>Urheberrechte und Markenrechte:<\/strong> Alle auf dieser Website dargestellten Inhalte, wie Texte, Fotografien, Grafiken, und Marken sind durch die jeweiligen deutschen Schutzrechte (z.B. Urheberrechte) gesch\u00fctzt. Die Verwendung, Bearbeitung Vervielf\u00e4ltigung usw. unterliegen unseren Rechten oder den Rechten der jeweiligen Urheber bzw. Rechteinhaber. Downloads und Kopien dieser Seite sind nur f\u00fcr den privaten, nicht kommerziellen Gebrauch gestattet. Soweit die Inhalte auf dieser Seite nicht vom Betreiber erstellt wurden, werden die Urheberrechte Dritter beachtet. Insbesondere werden Inhalte Dritter als solche gekennzeichnet. Sollten Sie trotzdem auf eine Urheberrechtsverletzung aufmerksam werden, bitten wir um einen entsprechenden Hinweis. Bei Bekanntwerden von Rechtsverletzungen werden wir derartige Inhalte umgehend entfernen.<\/p><h1><strong>Bildnachweise<\/strong><\/h1><p>Bildquellen und Urheberrechtshinweise:<br \/>Wir haben Bilder des Anbieters <a href=\"https:\/\/pixabay.com\">https:\/\/pixabay.com<\/a> auf unserer Webseite eingebunden.<\/p><p>Impressum wurde <a href=\"https:\/\/datenschutz-generator.de\/\">erstellt mit dem kostenlosen Datenschutz-Generator von Dr. Thomas Schwenke<\/a> sowie dem <a href=\"https:\/\/www.impressum-generator.de\">Impressum Generator<\/a> der <a href=\"https:\/\/www.kanzlei-hasselbach.de\/\">Kanzlei Hasselbach, Rechtsanw\u00e4lte f\u00fcr Arbeitsrecht und Familienrecht<\/a>.<\/p>\t\t\t\t\t\t\t\t<\/div>\n\t\t\t\t<\/div>\n\t\t\t\t\t<\/div>\n\t\t\t\t<\/div>\n\t\t\t\t<\/div>\n\t\t","protected":false},"excerpt":{"rendered":"<p>Impressum Angaben gem\u00e4\u00df \u00a7 5 TMG \u00a0 Diensteanbieter FC 1920 Fischbach e.V. Kontaktm\u00f6glichkeiten E-Mail: vorstand@fc-fischbach.deKontaktformular: https:\/\/fc-fischbach.de\/kontakt\/ Vertretungsberechtigte Personen Vertreten durch den 1. Vorstand:Adrian RigoniSandsteinweg 3778078 FischbachTelefon: 0176 24 71 26 83 Journalistisch-redaktionelle Angebote Inhaltlich verantwortlich:Adrian RigoniSandsteinweg 3778078 FischbachTelefon: 0176 24 71 26 83 Register und Registernummer Eintragung im VereinsregisterGef\u00fchrt bei: Amtsgericht FreiburgRegisternummer: VR600576 Bankverbindung Volksbank [&hellip;]<\/p>\n","protected":false},"author":1,"featured_media":0,"parent":0,"menu_order":0,"comment_status":"closed","ping_status":"closed","template":"","meta":{"ocean_post_layout":"full-screen","ocean_both_sidebars_style":"","ocean_both_sidebars_content_width":0,"ocean_both_sidebars_sidebars_width":0,"ocean_sidebar":"","ocean_second_sidebar":"","ocean_disable_margins":"enable","ocean_add_body_class":"","ocean_shortcode_before_top_bar":"","ocean_shortcode_after_top_bar":"","ocean_shortcode_before_header":"","ocean_shortcode_after_header":"","ocean_has_shortcode":"","ocean_shortcode_after_title":"","ocean_shortcode_before_footer_widgets":"","ocean_shortcode_after_footer_widgets":"","ocean_shortcode_before_footer_bottom":"","ocean_shortcode_after_footer_bottom":"","ocean_display_top_bar":"off","ocean_display_header":"default","ocean_header_style":"","ocean_center_header_left_menu":"","ocean_custom_header_template":"","ocean_custom_logo":0,"ocean_custom_retina_logo":0,"ocean_custom_logo_max_width":0,"ocean_custom_logo_tablet_max_width":0,"ocean_custom_logo_mobile_max_width":0,"ocean_custom_logo_max_height":0,"ocean_custom_logo_tablet_max_height":0,"ocean_custom_logo_mobile_max_height":0,"ocean_header_custom_menu":"","ocean_menu_typo_font_family":"","ocean_menu_typo_font_subset":"","ocean_menu_typo_font_size":0,"ocean_menu_typo_font_size_tablet":0,"ocean_menu_typo_font_size_mobile":0,"ocean_menu_typo_font_size_unit":"px","ocean_menu_typo_font_weight":"","ocean_menu_typo_font_weight_tablet":"","ocean_menu_typo_font_weight_mobile":"","ocean_menu_typo_transform":"","ocean_menu_typo_transform_tablet":"","ocean_menu_typo_transform_mobile":"","ocean_menu_typo_line_height":0,"ocean_menu_typo_line_height_tablet":0,"ocean_menu_typo_line_height_mobile":0,"ocean_menu_typo_line_height_unit":"","ocean_menu_typo_spacing":0,"ocean_menu_typo_spacing_tablet":0,"ocean_menu_typo_spacing_mobile":0,"ocean_menu_typo_spacing_unit":"","ocean_menu_link_color":"","ocean_menu_link_color_hover":"","ocean_menu_link_color_active":"","ocean_menu_link_background":"","ocean_menu_link_hover_background":"","ocean_menu_link_active_background":"","ocean_menu_social_links_bg":"","ocean_menu_social_hover_links_bg":"","ocean_menu_social_links_color":"","ocean_menu_social_hover_links_color":"","ocean_disable_title":"on","ocean_disable_heading":"default","ocean_post_title":"","ocean_post_subheading":"","ocean_post_title_style":"","ocean_post_title_background_color":"","ocean_post_title_background":0,"ocean_post_title_bg_image_position":"","ocean_post_title_bg_image_attachment":"","ocean_post_title_bg_image_repeat":"","ocean_post_title_bg_image_size":"","ocean_post_title_height":0,"ocean_post_title_bg_overlay":0.5,"ocean_post_title_bg_overlay_color":"","ocean_disable_breadcrumbs":"default","ocean_breadcrumbs_color":"","ocean_breadcrumbs_separator_color":"","ocean_breadcrumbs_links_color":"","ocean_breadcrumbs_links_hover_color":"","ocean_display_footer_widgets":"off","ocean_display_footer_bottom":"off","ocean_custom_footer_template":"","footnotes":""},"class_list":["post-15","page","type-page","status-publish","hentry","entry"],"publishpress_future_action":{"enabled":false,"date":"2026-05-08 15:57:27","action":"change-status","newStatus":"draft","terms":[],"taxonomy":"","extraData":[]},"publishpress_future_workflow_manual_trigger":{"enabledWorkflows":[]},"_links":{"self":[{"href":"https:\/\/fc-fischbach.de\/index.php?rest_route=\/wp\/v2\/pages\/15","targetHints":{"allow":["GET"]}}],"collection":[{"href":"https:\/\/fc-fischbach.de\/index.php?rest_route=\/wp\/v2\/pages"}],"about":[{"href":"https:\/\/fc-fischbach.de\/index.php?rest_route=\/wp\/v2\/types\/page"}],"author":[{"embeddable":true,"href":"https:\/\/fc-fischbach.de\/index.php?rest_route=\/wp\/v2\/users\/1"}],"replies":[{"embeddable":true,"href":"https:\/\/fc-fischbach.de\/index.php?rest_route=%2Fwp%2Fv2%2Fcomments&post=15"}],"version-history":[{"count":103,"href":"https:\/\/fc-fischbach.de\/index.php?rest_route=\/wp\/v2\/pages\/15\/revisions"}],"predecessor-version":[{"id":6734,"href":"https:\/\/fc-fischbach.de\/index.php?rest_route=\/wp\/v2\/pages\/15\/revisions\/6734"}],"wp:attachment":[{"href":"https:\/\/fc-fischbach.de\/index.php?rest_route=%2Fwp%2Fv2%2Fmedia&parent=15"}],"curies":[{"name":"wp","href":"https:\/\/api.w.org\/{rel}","templated":true}]}}